{"id":1129,"date":"2024-01-12T12:51:00","date_gmt":"2024-01-12T12:51:00","guid":{"rendered":"https:\/\/colegiosanmiguel.net\/?page_id=1129"},"modified":"2026-03-10T18:31:19","modified_gmt":"2026-03-10T18:31:19","slug":"pastoral","status":"publish","type":"page","link":"https:\/\/colegiosanmiguel.net\/index.php\/el-colegio\/pastoral\/","title":{"rendered":"Pastoral"},"content":{"rendered":"\t\t<div data-elementor-type=\"wp-page\" data-elementor-id=\"1129\" class=\"elementor elementor-1129\">\n\t\t\t\t<div class=\"elementor-element elementor-element-0b538dc e-flex e-con-boxed e-con e-parent\" data-id=\"0b538dc\" data-element_type=\"container\" data-e-type=\"container\" data-settings=\"{&quot;background_background&quot;:&quot;classic&quot;}\">\n\t\t\t\t\t<div class=\"e-con-inner\">\n\t\t\t\t<div class=\"elementor-element elementor-element-93c640e elementor-widget elementor-widget-image\" data-id=\"93c640e\" data-element_type=\"widget\" data-e-type=\"widget\" data-widget_type=\"image.default\">\n\t\t\t\t<div class=\"elementor-widget-container\">\n\t\t\t\t\t\t\t\t\t\t\t\t\t\t\t<img fetchpriority=\"high\" decoding=\"async\" width=\"1024\" height=\"614\" src=\"https:\/\/colegiosanmiguel.net\/wp-content\/uploads\/2025\/10\/Lema-25-26-2-1-1-1-1024x614.png\" class=\"attachment-large size-large wp-image-1342\" alt=\"\" srcset=\"https:\/\/colegiosanmiguel.net\/wp-content\/uploads\/2025\/10\/Lema-25-26-2-1-1-1-1024x614.png 1024w, https:\/\/colegiosanmiguel.net\/wp-content\/uploads\/2025\/10\/Lema-25-26-2-1-1-1-300x180.png 300w, https:\/\/colegiosanmiguel.net\/wp-content\/uploads\/2025\/10\/Lema-25-26-2-1-1-1-768x461.png 768w\" sizes=\"(max-width: 1024px) 100vw, 1024px\" \/>\t\t\t\t\t\t\t\t\t\t\t\t\t\t\t<\/div>\n\t\t\t\t<\/div>\n\t\t\t\t\t<\/div>\n\t\t\t\t<\/div>\n\t\t<div class=\"elementor-element elementor-element-8d3c416 e-flex e-con-boxed e-con e-parent\" data-id=\"8d3c416\" data-element_type=\"container\" data-e-type=\"container\" data-settings=\"{&quot;background_background&quot;:&quot;classic&quot;}\">\n\t\t\t\t\t<div class=\"e-con-inner\">\n\t\t\t\t<div class=\"elementor-element elementor-element-e3ae047 elementor-widget elementor-widget-heading\" data-id=\"e3ae047\" data-element_type=\"widget\" data-e-type=\"widget\" data-widget_type=\"heading.default\">\n\t\t\t\t<div class=\"elementor-widget-container\">\n\t\t\t\t\t<h3 class=\"elementor-heading-title elementor-size-default\">Pastoral<\/h3>\t\t\t\t<\/div>\n\t\t\t\t<\/div>\n\t\t\t\t\t<\/div>\n\t\t\t\t<\/div>\n\t\t<div class=\"elementor-element elementor-element-041bef5 e-flex e-con-boxed e-con e-parent\" data-id=\"041bef5\" data-element_type=\"container\" data-e-type=\"container\" data-settings=\"{&quot;background_background&quot;:&quot;classic&quot;}\">\n\t\t\t\t\t<div class=\"e-con-inner\">\n\t\t\t\t<div class=\"elementor-element elementor-element-c1635de elementor-widget-divider--view-line elementor-widget elementor-widget-divider\" data-id=\"c1635de\" data-element_type=\"widget\" data-e-type=\"widget\" data-widget_type=\"divider.default\">\n\t\t\t\t<div class=\"elementor-widget-container\">\n\t\t\t\t\t\t\t<div class=\"elementor-divider\">\n\t\t\t<span class=\"elementor-divider-separator\">\n\t\t\t\t\t\t<\/span>\n\t\t<\/div>\n\t\t\t\t\t\t<\/div>\n\t\t\t\t<\/div>\n\t\t\t\t\t<\/div>\n\t\t\t\t<\/div>\n\t\t<div class=\"elementor-element elementor-element-193bdbe e-flex e-con-boxed e-con e-parent\" data-id=\"193bdbe\" data-element_type=\"container\" data-e-type=\"container\" data-settings=\"{&quot;background_background&quot;:&quot;classic&quot;}\">\n\t\t\t\t\t<div class=\"e-con-inner\">\n\t\t\t\t<div class=\"elementor-element elementor-element-0e9aece elementor-widget elementor-widget-text-editor\" data-id=\"0e9aece\" data-element_type=\"widget\" data-e-type=\"widget\" data-widget_type=\"text-editor.default\">\n\t\t\t\t<div class=\"elementor-widget-container\">\n\t\t\t\t\t\t\t\t\t<p>La formaci\u00f3n en nuestro centro tiene como finalidad <strong>la educaci\u00f3n integral de la persona<\/strong>, prepar\u00e1ndola para participar activamente en la transformaci\u00f3n y mejora de la sociedad. Fomentamos en los alumnos la dimensi\u00f3n \u00e9tica y trascendente, el descubrimiento de valores y la formaci\u00f3n de actitudes que contribuyan al bien com\u00fan, partiendo de la visi\u00f3n cristiana del mundo.<\/p><p>La acci\u00f3n Pastoral de centro intenta, con sus actividades programadas, <strong>favorecer experiencias personales<\/strong> que, por un lado, sensibilicen y comprometan a toda la Comunidad Educativa con la justicia, y por otro, profundicen en la dimensi\u00f3n trascendente de la existencia.<\/p>\t\t\t\t\t\t\t\t<\/div>\n\t\t\t\t<\/div>\n\t\t\t\t\t<\/div>\n\t\t\t\t<\/div>\n\t\t<div class=\"elementor-element elementor-element-d1404cc e-flex e-con-boxed e-con e-parent\" data-id=\"d1404cc\" data-element_type=\"container\" data-e-type=\"container\" data-settings=\"{&quot;background_background&quot;:&quot;classic&quot;}\">\n\t\t\t\t\t<div class=\"e-con-inner\">\n\t\t\t\t<div class=\"elementor-element elementor-element-7a2eac7 elementor-widget elementor-widget-heading\" data-id=\"7a2eac7\" data-element_type=\"widget\" data-e-type=\"widget\" data-widget_type=\"heading.default\">\n\t\t\t\t<div class=\"elementor-widget-container\">\n\t\t\t\t\t<h4 class=\"elementor-heading-title elementor-size-default\"><a href=\"https:\/\/drive.google.com\/file\/d\/1rwlE40OUpk3ntWsB22cE4SdBmXI7zUze\/view\">Orientaciones pastorales del curso 2025-2026<\/a><\/h4>\t\t\t\t<\/div>\n\t\t\t\t<\/div>\n\t\t\t\t\t<\/div>\n\t\t\t\t<\/div>\n\t\t<div class=\"elementor-element elementor-element-8d49fc0 e-flex e-con-boxed e-con e-parent\" data-id=\"8d49fc0\" data-element_type=\"container\" data-e-type=\"container\" data-settings=\"{&quot;background_background&quot;:&quot;classic&quot;}\">\n\t\t\t\t\t<div class=\"e-con-inner\">\n\t\t\t\t<div class=\"elementor-element elementor-element-97798bc elementor-widget elementor-widget-heading\" data-id=\"97798bc\" data-element_type=\"widget\" data-e-type=\"widget\" data-widget_type=\"heading.default\">\n\t\t\t\t<div class=\"elementor-widget-container\">\n\t\t\t\t\t<h4 class=\"elementor-heading-title elementor-size-default\">Reflexiones diarias <\/h4>\t\t\t\t<\/div>\n\t\t\t\t<\/div>\n\t\t\t\t\t<\/div>\n\t\t\t\t<\/div>\n\t\t<div class=\"elementor-element elementor-element-de89bbc e-flex e-con-boxed e-con e-parent\" data-id=\"de89bbc\" data-element_type=\"container\" data-e-type=\"container\" data-settings=\"{&quot;background_background&quot;:&quot;classic&quot;}\">\n\t\t\t\t\t<div class=\"e-con-inner\">\n\t\t\t\t<div class=\"elementor-element elementor-element-21652f6 elementor-widget elementor-widget-text-editor\" data-id=\"21652f6\" data-element_type=\"widget\" data-e-type=\"widget\" data-widget_type=\"text-editor.default\">\n\t\t\t\t<div class=\"elementor-widget-container\">\n\t\t\t\t\t\t\t\t\t<p>Todas las ma\u00f1anas, al empezar la jornada, hacemos unos minutos de reflexi\u00f3n. Estas est\u00e1n adaptadas a las distintas etapas:<\/p><ul><li><strong><a href=\"https:\/\/oragabrielistas.blogspot.com\/\" target=\"_blank\" rel=\"noopener\">ORAinfantil<\/a> <\/strong>en Educaci\u00f3n Infantil;<\/li><li><strong><a href=\"https:\/\/sgdiaadia.blogspot.com\/\" target=\"_blank\" rel=\"noopener\">D\u00eda a D\u00eda<\/a> <\/strong>en E. Primaria y<\/li><li>Gabrielistas <strong><a href=\"https:\/\/sg1pordia.blogspot.com\/\" target=\"_blank\" rel=\"noopener\">1xd\u00eda<\/a> <\/strong>en la ESO, Bachillerato y F.P.<\/li><\/ul>\t\t\t\t\t\t\t\t<\/div>\n\t\t\t\t<\/div>\n\t\t\t\t\t<\/div>\n\t\t\t\t<\/div>\n\t\t<div class=\"elementor-element elementor-element-dca14d1 e-flex e-con-boxed e-con e-parent\" data-id=\"dca14d1\" data-element_type=\"container\" data-e-type=\"container\" data-settings=\"{&quot;background_background&quot;:&quot;classic&quot;}\">\n\t\t\t\t\t<div class=\"e-con-inner\">\n\t\t\t\t<div class=\"elementor-element elementor-element-5ee5f74 elementor-widget elementor-widget-heading\" data-id=\"5ee5f74\" data-element_type=\"widget\" data-e-type=\"widget\" data-widget_type=\"heading.default\">\n\t\t\t\t<div class=\"elementor-widget-container\">\n\t\t\t\t\t<h4 class=\"elementor-heading-title elementor-size-default\">Actividades<\/h4>\t\t\t\t<\/div>\n\t\t\t\t<\/div>\n\t\t\t\t\t<\/div>\n\t\t\t\t<\/div>\n\t\t<div class=\"elementor-element elementor-element-9b44320 e-flex e-con-boxed e-con e-parent\" data-id=\"9b44320\" data-element_type=\"container\" data-e-type=\"container\" data-settings=\"{&quot;background_background&quot;:&quot;classic&quot;}\">\n\t\t\t\t\t<div class=\"e-con-inner\">\n\t\t<div class=\"elementor-element elementor-element-51672c9 e-con-full e-flex e-con e-child\" data-id=\"51672c9\" data-element_type=\"container\" data-e-type=\"container\">\n\t\t\t\t<div class=\"elementor-element elementor-element-b6b78b7 elementor-widget elementor-widget-heading\" data-id=\"b6b78b7\" data-element_type=\"widget\" data-e-type=\"widget\" data-widget_type=\"heading.default\">\n\t\t\t\t<div class=\"elementor-widget-container\">\n\t\t\t\t\t<h5 class=\"elementor-heading-title elementor-size-default\">Celebraciones <\/h5>\t\t\t\t<\/div>\n\t\t\t\t<\/div>\n\t\t\t\t<div class=\"elementor-element elementor-element-8914ee7 elementor-widget elementor-widget-text-editor\" data-id=\"8914ee7\" data-element_type=\"widget\" data-e-type=\"widget\" data-widget_type=\"text-editor.default\">\n\t\t\t\t<div class=\"elementor-widget-container\">\n\t\t\t\t\t\t\t\t\t<p>D\u00eda de la Almudena, Adviento, Navidad, Sembradores de Estrellas, D\u00eda de la Paz, Mi\u00e9rcoles de Ceniza, Cuaresma-Pascua, D\u00eda de San Luis Mar\u00eda Grignion de Montfort, D\u00eda de las Familias, Mes de Mar\u00eda, programa de radio \u201cLuz en mi sendero\u201d.<\/p>\t\t\t\t\t\t\t\t<\/div>\n\t\t\t\t<\/div>\n\t\t\t\t<div class=\"elementor-element elementor-element-1c8beb6 elementor-widget elementor-widget-heading\" data-id=\"1c8beb6\" data-element_type=\"widget\" data-e-type=\"widget\" data-widget_type=\"heading.default\">\n\t\t\t\t<div class=\"elementor-widget-container\">\n\t\t\t\t\t<h5 class=\"elementor-heading-title elementor-size-default\">Tutor\u00edas <\/h5>\t\t\t\t<\/div>\n\t\t\t\t<\/div>\n\t\t\t\t<div class=\"elementor-element elementor-element-6800493 elementor-widget elementor-widget-text-editor\" data-id=\"6800493\" data-element_type=\"widget\" data-e-type=\"widget\" data-widget_type=\"text-editor.default\">\n\t\t\t\t<div class=\"elementor-widget-container\">\n\t\t\t\t\t\t\t\t\t<p>Dedicadas al desarrollo de los valores, a la celebraci\u00f3n de los tiempos lit\u00fargicos, al acompa\u00f1amiento emocional y acad\u00e9mico\u2026<\/p>\t\t\t\t\t\t\t\t<\/div>\n\t\t\t\t<\/div>\n\t\t\t\t<\/div>\n\t\t<div class=\"elementor-element elementor-element-af4fdf0 e-con-full e-flex e-con e-child\" data-id=\"af4fdf0\" data-element_type=\"container\" data-e-type=\"container\">\n\t\t\t\t<div class=\"elementor-element elementor-element-760d938 elementor-widget elementor-widget-heading\" data-id=\"760d938\" data-element_type=\"widget\" data-e-type=\"widget\" data-widget_type=\"heading.default\">\n\t\t\t\t<div class=\"elementor-widget-container\">\n\t\t\t\t\t<h5 class=\"elementor-heading-title elementor-size-default\">Campa\u00f1as solidarias<\/h5>\t\t\t\t<\/div>\n\t\t\t\t<\/div>\n\t\t\t\t<div class=\"elementor-element elementor-element-f98a633 elementor-widget elementor-widget-text-editor\" data-id=\"f98a633\" data-element_type=\"widget\" data-e-type=\"widget\" data-widget_type=\"text-editor.default\">\n\t\t\t\t<div class=\"elementor-widget-container\">\n\t\t\t\t\t\t\t\t\t<p>Operaci\u00f3n Kilo, Gran recogida de alimentos, Semana Solidaria, Carrera Solidaria, Merienda Solidaria, Talleres infantiles, Teatro Solidario,\u00a0Apoyo a Manos Unidas, Solidaridad Gabrielista,\u2026<\/p><p>Hay distintos proyectos que est\u00e1n vinculados con el Colegio, por ejemplo: Balimay\u00e1 (inclusi\u00f3n de inmigrantes), Casa Mambr\u00e9 (proyecto de vivir en familia, compartiendo valores cristianos), Selvas Amaz\u00f3nicas (proyecto dominico)\u2026<\/p>\t\t\t\t\t\t\t\t<\/div>\n\t\t\t\t<\/div>\n\t\t\t\t<\/div>\n\t\t\t\t\t<\/div>\n\t\t\t\t<\/div>\n\t\t\t\t<\/div>\n\t\t","protected":false},"excerpt":{"rendered":"<p>Pastoral La formaci\u00f3n en nuestro centro tiene como finalidad la educaci\u00f3n integral de la persona, prepar\u00e1ndola para participar activamente en la transformaci\u00f3n y mejora de la sociedad. Fomentamos en los alumnos la dimensi\u00f3n \u00e9tica y trascendente, el descubrimiento de valores y la formaci\u00f3n de actitudes que contribuyan al bien com\u00fan, partiendo de la visi\u00f3n cristiana [&hellip;]<\/p>\n","protected":false},"author":2,"featured_media":0,"parent":152,"menu_order":0,"comment_status":"closed","ping_status":"closed","template":"","meta":{"site-sidebar-layout":"no-sidebar","site-content-layout":"page-builder","ast-site-content-layout":"full-width-container","site-content-style":"default","site-sidebar-style":"default","ast-global-header-display":"","ast-banner-title-visibility":"","ast-main-header-display":"","ast-hfb-above-header-display":"","ast-hfb-below-header-display":"","ast-hfb-mobile-header-display":"","site-post-title":"disabled","ast-breadcrumbs-content":"","ast-featured-img":"disabled","footer-sml-layout":"","ast-disable-related-posts":"","theme-transparent-header-meta":"","adv-header-id-meta":"","stick-header-meta":"","header-above-stick-meta":"","header-main-stick-meta":"","header-below-stick-meta":"","astra-migrate-meta-layouts":"set","ast-page-background-enabled":"default","ast-page-background-meta":{"desktop":{"background-color":"","background-image":"","background-repeat":"repeat","background-position":"center center","background-size":"auto","background-attachment":"scroll","background-type":"","background-media":"","overlay-type":"","overlay-color":"","overlay-opacity":"","overlay-gradient":""},"tablet":{"background-color":"","background-image":"","background-repeat":"repeat","background-position":"center center","background-size":"auto","background-attachment":"scroll","background-type":"","background-media":"","overlay-type":"","overlay-color":"","overlay-opacity":"","overlay-gradient":""},"mobile":{"background-color":"","background-image":"","background-repeat":"repeat","background-position":"center center","background-size":"auto","background-attachment":"scroll","background-type":"","background-media":"","overlay-type":"","overlay-color":"","overlay-opacity":"","overlay-gradient":""}},"ast-content-background-meta":{"desktop":{"background-color":"var(--ast-global-color-5)","background-image":"","background-repeat":"repeat","background-position":"center center","background-size":"auto","background-attachment":"scroll","background-type":"","background-media":"","overlay-type":"","overlay-color":"","overlay-opacity":"","overlay-gradient":""},"tablet":{"background-color":"var(--ast-global-color-5)","background-image":"","background-repeat":"repeat","background-position":"center center","background-size":"auto","background-attachment":"scroll","background-type":"","background-media":"","overlay-type":"","overlay-color":"","overlay-opacity":"","overlay-gradient":""},"mobile":{"background-color":"var(--ast-global-color-5)","background-image":"","background-repeat":"repeat","background-position":"center center","background-size":"auto","background-attachment":"scroll","background-type":"","background-media":"","overlay-type":"","overlay-color":"","overlay-opacity":"","overlay-gradient":""}},"footnotes":""},"class_list":["post-1129","page","type-page","status-publish","hentry"],"yoast_head":"<!-- This site is optimized with the Yoast SEO plugin v27.3 - https:\/\/yoast.com\/product\/yoast-seo-wordpress\/ -->\n<title>Pastoral - Colegio San Miguel<\/title>\n<meta name=\"robots\" content=\"index, follow, max-snippet:-1, max-image-preview:large, max-video-preview:-1\" \/>\n<link rel=\"canonical\" href=\"https:\/\/colegiosanmiguel.net\/index.php\/el-colegio\/pastoral\/\" \/>\n<meta property=\"og:locale\" content=\"es_ES\" \/>\n<meta property=\"og:type\" content=\"article\" \/>\n<meta property=\"og:title\" content=\"Pastoral - Colegio San Miguel\" \/>\n<meta property=\"og:description\" content=\"Pastoral La formaci\u00f3n en nuestro centro tiene como finalidad la educaci\u00f3n integral de la persona, prepar\u00e1ndola para participar activamente en la transformaci\u00f3n y mejora de la sociedad. Fomentamos en los alumnos la dimensi\u00f3n \u00e9tica y trascendente, el descubrimiento de valores y la formaci\u00f3n de actitudes que contribuyan al bien com\u00fan, partiendo de la visi\u00f3n cristiana [&hellip;]\" \/>\n<meta property=\"og:url\" content=\"https:\/\/colegiosanmiguel.net\/index.php\/el-colegio\/pastoral\/\" \/>\n<meta property=\"og:site_name\" content=\"Colegio San Miguel\" \/>\n<meta property=\"article:publisher\" content=\"https:\/\/m.facebook.com\/gabrielistasaranda?locale=es_LA\" \/>\n<meta property=\"article:modified_time\" content=\"2026-03-10T18:31:19+00:00\" \/>\n<meta property=\"og:image\" content=\"https:\/\/colegiosanmiguel.net\/wp-content\/uploads\/2025\/10\/Lema-25-26-2-1-1-1-1024x614.png\" \/>\n<meta name=\"twitter:card\" content=\"summary_large_image\" \/>\n<meta name=\"twitter:label1\" content=\"Tiempo de lectura\" \/>\n\t<meta name=\"twitter:data1\" content=\"2 minutos\" \/>\n<script type=\"application\/ld+json\" class=\"yoast-schema-graph\">{\"@context\":\"https:\\\/\\\/schema.org\",\"@graph\":[{\"@type\":\"WebPage\",\"@id\":\"https:\\\/\\\/colegiosanmiguel.net\\\/index.php\\\/el-colegio\\\/pastoral\\\/\",\"url\":\"https:\\\/\\\/colegiosanmiguel.net\\\/index.php\\\/el-colegio\\\/pastoral\\\/\",\"name\":\"Pastoral - Colegio San Miguel\",\"isPartOf\":{\"@id\":\"https:\\\/\\\/colegiosanmiguel.net\\\/#website\"},\"primaryImageOfPage\":{\"@id\":\"https:\\\/\\\/colegiosanmiguel.net\\\/index.php\\\/el-colegio\\\/pastoral\\\/#primaryimage\"},\"image\":{\"@id\":\"https:\\\/\\\/colegiosanmiguel.net\\\/index.php\\\/el-colegio\\\/pastoral\\\/#primaryimage\"},\"thumbnailUrl\":\"https:\\\/\\\/colegiosanmiguel.net\\\/wp-content\\\/uploads\\\/2025\\\/10\\\/Lema-25-26-2-1-1-1-1024x614.png\",\"datePublished\":\"2024-01-12T12:51:00+00:00\",\"dateModified\":\"2026-03-10T18:31:19+00:00\",\"breadcrumb\":{\"@id\":\"https:\\\/\\\/colegiosanmiguel.net\\\/index.php\\\/el-colegio\\\/pastoral\\\/#breadcrumb\"},\"inLanguage\":\"es\",\"potentialAction\":[{\"@type\":\"ReadAction\",\"target\":[\"https:\\\/\\\/colegiosanmiguel.net\\\/index.php\\\/el-colegio\\\/pastoral\\\/\"]}]},{\"@type\":\"ImageObject\",\"inLanguage\":\"es\",\"@id\":\"https:\\\/\\\/colegiosanmiguel.net\\\/index.php\\\/el-colegio\\\/pastoral\\\/#primaryimage\",\"url\":\"https:\\\/\\\/colegiosanmiguel.net\\\/wp-content\\\/uploads\\\/2025\\\/10\\\/Lema-25-26-2-1-1-1-scaled.png\",\"contentUrl\":\"https:\\\/\\\/colegiosanmiguel.net\\\/wp-content\\\/uploads\\\/2025\\\/10\\\/Lema-25-26-2-1-1-1-scaled.png\",\"width\":2560,\"height\":1536},{\"@type\":\"BreadcrumbList\",\"@id\":\"https:\\\/\\\/colegiosanmiguel.net\\\/index.php\\\/el-colegio\\\/pastoral\\\/#breadcrumb\",\"itemListElement\":[{\"@type\":\"ListItem\",\"position\":1,\"name\":\"Portada\",\"item\":\"https:\\\/\\\/colegiosanmiguel.net\\\/\"},{\"@type\":\"ListItem\",\"position\":2,\"name\":\"El Colegio\",\"item\":\"https:\\\/\\\/colegiosanmiguel.net\\\/index.php\\\/el-colegio\\\/\"},{\"@type\":\"ListItem\",\"position\":3,\"name\":\"Pastoral\"}]},{\"@type\":\"WebSite\",\"@id\":\"https:\\\/\\\/colegiosanmiguel.net\\\/#website\",\"url\":\"https:\\\/\\\/colegiosanmiguel.net\\\/\",\"name\":\"Colegio San Miguel\",\"description\":\"\",\"publisher\":{\"@id\":\"https:\\\/\\\/colegiosanmiguel.net\\\/#organization\"},\"potentialAction\":[{\"@type\":\"SearchAction\",\"target\":{\"@type\":\"EntryPoint\",\"urlTemplate\":\"https:\\\/\\\/colegiosanmiguel.net\\\/?s={search_term_string}\"},\"query-input\":{\"@type\":\"PropertyValueSpecification\",\"valueRequired\":true,\"valueName\":\"search_term_string\"}}],\"inLanguage\":\"es\"},{\"@type\":\"Organization\",\"@id\":\"https:\\\/\\\/colegiosanmiguel.net\\\/#organization\",\"name\":\"Colegio San Miguel\",\"url\":\"https:\\\/\\\/colegiosanmiguel.net\\\/\",\"logo\":{\"@type\":\"ImageObject\",\"inLanguage\":\"es\",\"@id\":\"https:\\\/\\\/colegiosanmiguel.net\\\/#\\\/schema\\\/logo\\\/image\\\/\",\"url\":\"https:\\\/\\\/colegiosanmiguel.net\\\/wp-content\\\/uploads\\\/2023\\\/09\\\/cropped-1.jpg\",\"contentUrl\":\"https:\\\/\\\/colegiosanmiguel.net\\\/wp-content\\\/uploads\\\/2023\\\/09\\\/cropped-1.jpg\",\"width\":1331,\"height\":443,\"caption\":\"Colegio San Miguel\"},\"image\":{\"@id\":\"https:\\\/\\\/colegiosanmiguel.net\\\/#\\\/schema\\\/logo\\\/image\\\/\"},\"sameAs\":[\"https:\\\/\\\/m.facebook.com\\\/gabrielistasaranda?locale=es_LA\",\"https:\\\/\\\/www.instagram.com\\\/san_gabriel_aranda\\\/?igshid=MzRlODBiNWFlZA\"]}]}<\/script>\n<!-- \/ Yoast SEO plugin. -->","yoast_head_json":{"title":"Pastoral - Colegio San Miguel","robots":{"index":"index","follow":"follow","max-snippet":"max-snippet:-1","max-image-preview":"max-image-preview:large","max-video-preview":"max-video-preview:-1"},"canonical":"https:\/\/colegiosanmiguel.net\/index.php\/el-colegio\/pastoral\/","og_locale":"es_ES","og_type":"article","og_title":"Pastoral - Colegio San Miguel","og_description":"Pastoral La formaci\u00f3n en nuestro centro tiene como finalidad la educaci\u00f3n integral de la persona, prepar\u00e1ndola para participar activamente en la transformaci\u00f3n y mejora de la sociedad. Fomentamos en los alumnos la dimensi\u00f3n \u00e9tica y trascendente, el descubrimiento de valores y la formaci\u00f3n de actitudes que contribuyan al bien com\u00fan, partiendo de la visi\u00f3n cristiana [&hellip;]","og_url":"https:\/\/colegiosanmiguel.net\/index.php\/el-colegio\/pastoral\/","og_site_name":"Colegio San Miguel","article_publisher":"https:\/\/m.facebook.com\/gabrielistasaranda?locale=es_LA","article_modified_time":"2026-03-10T18:31:19+00:00","og_image":[{"url":"https:\/\/colegiosanmiguel.net\/wp-content\/uploads\/2025\/10\/Lema-25-26-2-1-1-1-1024x614.png","type":"","width":"","height":""}],"twitter_card":"summary_large_image","twitter_misc":{"Tiempo de lectura":"2 minutos"},"schema":{"@context":"https:\/\/schema.org","@graph":[{"@type":"WebPage","@id":"https:\/\/colegiosanmiguel.net\/index.php\/el-colegio\/pastoral\/","url":"https:\/\/colegiosanmiguel.net\/index.php\/el-colegio\/pastoral\/","name":"Pastoral - Colegio San Miguel","isPartOf":{"@id":"https:\/\/colegiosanmiguel.net\/#website"},"primaryImageOfPage":{"@id":"https:\/\/colegiosanmiguel.net\/index.php\/el-colegio\/pastoral\/#primaryimage"},"image":{"@id":"https:\/\/colegiosanmiguel.net\/index.php\/el-colegio\/pastoral\/#primaryimage"},"thumbnailUrl":"https:\/\/colegiosanmiguel.net\/wp-content\/uploads\/2025\/10\/Lema-25-26-2-1-1-1-1024x614.png","datePublished":"2024-01-12T12:51:00+00:00","dateModified":"2026-03-10T18:31:19+00:00","breadcrumb":{"@id":"https:\/\/colegiosanmiguel.net\/index.php\/el-colegio\/pastoral\/#breadcrumb"},"inLanguage":"es","potentialAction":[{"@type":"ReadAction","target":["https:\/\/colegiosanmiguel.net\/index.php\/el-colegio\/pastoral\/"]}]},{"@type":"ImageObject","inLanguage":"es","@id":"https:\/\/colegiosanmiguel.net\/index.php\/el-colegio\/pastoral\/#primaryimage","url":"https:\/\/colegiosanmiguel.net\/wp-content\/uploads\/2025\/10\/Lema-25-26-2-1-1-1-scaled.png","contentUrl":"https:\/\/colegiosanmiguel.net\/wp-content\/uploads\/2025\/10\/Lema-25-26-2-1-1-1-scaled.png","width":2560,"height":1536},{"@type":"BreadcrumbList","@id":"https:\/\/colegiosanmiguel.net\/index.php\/el-colegio\/pastoral\/#breadcrumb","itemListElement":[{"@type":"ListItem","position":1,"name":"Portada","item":"https:\/\/colegiosanmiguel.net\/"},{"@type":"ListItem","position":2,"name":"El Colegio","item":"https:\/\/colegiosanmiguel.net\/index.php\/el-colegio\/"},{"@type":"ListItem","position":3,"name":"Pastoral"}]},{"@type":"WebSite","@id":"https:\/\/colegiosanmiguel.net\/#website","url":"https:\/\/colegiosanmiguel.net\/","name":"Colegio San Miguel","description":"","publisher":{"@id":"https:\/\/colegiosanmiguel.net\/#organization"},"potentialAction":[{"@type":"SearchAction","target":{"@type":"EntryPoint","urlTemplate":"https:\/\/colegiosanmiguel.net\/?s={search_term_string}"},"query-input":{"@type":"PropertyValueSpecification","valueRequired":true,"valueName":"search_term_string"}}],"inLanguage":"es"},{"@type":"Organization","@id":"https:\/\/colegiosanmiguel.net\/#organization","name":"Colegio San Miguel","url":"https:\/\/colegiosanmiguel.net\/","logo":{"@type":"ImageObject","inLanguage":"es","@id":"https:\/\/colegiosanmiguel.net\/#\/schema\/logo\/image\/","url":"https:\/\/colegiosanmiguel.net\/wp-content\/uploads\/2023\/09\/cropped-1.jpg","contentUrl":"https:\/\/colegiosanmiguel.net\/wp-content\/uploads\/2023\/09\/cropped-1.jpg","width":1331,"height":443,"caption":"Colegio San Miguel"},"image":{"@id":"https:\/\/colegiosanmiguel.net\/#\/schema\/logo\/image\/"},"sameAs":["https:\/\/m.facebook.com\/gabrielistasaranda?locale=es_LA","https:\/\/www.instagram.com\/san_gabriel_aranda\/?igshid=MzRlODBiNWFlZA"]}]}},"_links":{"self":[{"href":"https:\/\/colegiosanmiguel.net\/index.php\/wp-json\/wp\/v2\/pages\/1129","targetHints":{"allow":["GET"]}}],"collection":[{"href":"https:\/\/colegiosanmiguel.net\/index.php\/wp-json\/wp\/v2\/pages"}],"about":[{"href":"https:\/\/colegiosanmiguel.net\/index.php\/wp-json\/wp\/v2\/types\/page"}],"author":[{"embeddable":true,"href":"https:\/\/colegiosanmiguel.net\/index.php\/wp-json\/wp\/v2\/users\/2"}],"replies":[{"embeddable":true,"href":"https:\/\/colegiosanmiguel.net\/index.php\/wp-json\/wp\/v2\/comments?post=1129"}],"version-history":[{"count":10,"href":"https:\/\/colegiosanmiguel.net\/index.php\/wp-json\/wp\/v2\/pages\/1129\/revisions"}],"predecessor-version":[{"id":1408,"href":"https:\/\/colegiosanmiguel.net\/index.php\/wp-json\/wp\/v2\/pages\/1129\/revisions\/1408"}],"up":[{"embeddable":true,"href":"https:\/\/colegiosanmiguel.net\/index.php\/wp-json\/wp\/v2\/pages\/152"}],"wp:attachment":[{"href":"https:\/\/colegiosanmiguel.net\/index.php\/wp-json\/wp\/v2\/media?parent=1129"}],"curies":[{"name":"wp","href":"https:\/\/api.w.org\/{rel}","templated":true}]}}